{"id":4869,"date":"2025-03-15T15:46:01","date_gmt":"2025-03-15T15:46:01","guid":{"rendered":"https:\/\/safehavenegypt.net\/_\/?page_id=4869"},"modified":"2026-03-09T23:15:48","modified_gmt":"2026-03-09T23:15:48","slug":"warum-katzen-aus-agypten","status":"publish","type":"page","link":"https:\/\/safehavenegypt.net\/_\/de\/why-cats-from-egypt\/","title":{"rendered":"Warum Katzen aus \u00c4gypten?"},"content":{"rendered":"<div class=\"wp-block-image is-style-rounded\">\n<figure class=\"alignright size-large is-resized\"><img data-dominant-color=\"7e8a76\" data-has-transparency=\"false\" loading=\"lazy\" decoding=\"async\" width=\"768\" height=\"1024\" src=\"https:\/\/safehavenegypt.net\/_\/wp-content\/uploads\/2025\/03\/milo-edited-768x1024.jpg\" alt=\"\" class=\"wp-image-4939 not-transparent\" style=\"--dominant-color: #7e8a76; width:172px;height:auto\" srcset=\"https:\/\/safehavenegypt.net\/_\/wp-content\/uploads\/2025\/03\/milo-edited-768x1024.jpg 768w, https:\/\/safehavenegypt.net\/_\/wp-content\/uploads\/2025\/03\/milo-edited-225x300.jpg 225w, https:\/\/safehavenegypt.net\/_\/wp-content\/uploads\/2025\/03\/milo-edited-1152x1536.jpg 1152w, https:\/\/safehavenegypt.net\/_\/wp-content\/uploads\/2025\/03\/milo-edited-9x12.jpg 9w, https:\/\/safehavenegypt.net\/_\/wp-content\/uploads\/2025\/03\/milo-edited.jpg 1355w\" sizes=\"auto, (max-width: 768px) 100vw, 768px\" \/><figcaption class=\"wp-element-caption\"><em>Das ist Milo einen Monat, nachdem er mit einem gebrochenen Kiefer in Haven eingeliefert wurde. Dehydriert und am Verhungern. Milo \u00fcberlebte nicht.<\/em><\/figcaption><\/figure>\n<\/div>\n\n\n<p>Es stimmt, dass in den L\u00e4ndern, in denen die SHE-Katzen ein neues Zuhause finden, auch viele einheimische Katzen in \u00f6rtlichen Tierheimen warten.<\/p>\n\n\n\n<p>Aber auch im Ausland gibt es viele Tiere, wie zum Beispiel Katzen, die in Not sind. Diese Website befasst sich jetzt speziell mit Katzen aus \u00c4gypten. Es gibt aber \u00e4hnliche Projekte f\u00fcr Katzen aus Spanien, Italien, Syrien, Griechenland, Zypern, Indien\u2026<\/p>\n\n\n\n<p>Es gibt auch Projekte, die Hunde retten und international vermitteln. Zum Beispiel spanische Windhunde.<\/p>\n\n\n\n<p>Es gibt viele w\u00fcrdige Initiativen.<\/p>\n\n\n\n<p>Es ist m\u00f6glich, diese Katzen in ihrem Heimatland zu adoptieren, und das passiert auch. Aber das ist die Ausnahme. Nicht, wenn die Stra\u00dfen voller Katzen sind. Der einzige realistische Ausweg ist eine internationale Adoption.<\/p>\n\n\n<div class=\"wp-block-image\">\n<figure class=\"alignleft size-full is-resized\"><img data-dominant-color=\"686858\" data-has-transparency=\"false\" loading=\"lazy\" decoding=\"async\" width=\"720\" height=\"404\" src=\"https:\/\/safehavenegypt.net\/_\/wp-content\/uploads\/2025\/03\/verrgiftige_dode_katten_universiteit_cairo.jpg\" alt=\"\" class=\"wp-image-4945 not-transparent\" style=\"--dominant-color: #686858; width:256px;height:auto\" srcset=\"https:\/\/safehavenegypt.net\/_\/wp-content\/uploads\/2025\/03\/verrgiftige_dode_katten_universiteit_cairo.jpg 720w, https:\/\/safehavenegypt.net\/_\/wp-content\/uploads\/2025\/03\/verrgiftige_dode_katten_universiteit_cairo-300x168.jpg 300w, https:\/\/safehavenegypt.net\/_\/wp-content\/uploads\/2025\/03\/verrgiftige_dode_katten_universiteit_cairo-18x10.jpg 18w\" sizes=\"auto, (max-width: 720px) 100vw, 720px\" \/><figcaption class=\"wp-element-caption\"><em>vergiftete Katzen, durchgef\u00fchrt im Auftrag der Universit\u00e4t Kairo<\/em><\/figcaption><\/figure>\n<\/div>\n\n\n<p>Also \u2026 Katzen aus \u00c4gypten. Warum?<\/p>\n\n\n\n<p>Da es in den \u00f6rtlichen Tierheimen viele Katzen gibt, besteht keine Notwendigkeit, Katzen zu z\u00fcchten. Aber es gibt kommerzielle Katzenz\u00fcchter, die erfolgreich sind.  Es ist nicht illegal, Katzen zu z\u00fcchten. <\/p>\n\n\n\n<p>Viele Menschen, die eine Katze haben m\u00f6chten, wollen keine adoptieren. Sie gehen in eine Zoohandlung. Sie gehen zu einem Katzenz\u00fcchter. <\/p>\n\n\n\n<p>Sie wollen keine gebrauchte Katze. Sie wollen eine Rassekatze.<\/p>\n\n\n\n<p>Diese Leute werden definitiv keine Katze aus einem \u00f6rtlichen Tierheim (oder aus dem Ausland) adoptieren.<\/p>\n\n\n\n<p>Und dann gibt es noch den Teil der Leute, die adoptieren m\u00f6chten, aber unbedingt ein \u201es\u00fc\u00dfes K\u00e4tzchen\u201c haben m\u00fcssen. Je j\u00fcnger, desto besser.<\/p>\n\n\n<div class=\"wp-block-image\">\n<figure class=\"alignleft size-full is-resized\"><img data-dominant-color=\"b59a87\" data-has-transparency=\"false\" loading=\"lazy\" decoding=\"async\" width=\"512\" height=\"640\" src=\"https:\/\/safehavenegypt.net\/_\/wp-content\/uploads\/2025\/03\/catbeforepyramid.jpg\" alt=\"\" class=\"wp-image-4950 not-transparent\" style=\"--dominant-color: #b59a87; width:194px;height:auto\" srcset=\"https:\/\/safehavenegypt.net\/_\/wp-content\/uploads\/2025\/03\/catbeforepyramid.jpg 512w, https:\/\/safehavenegypt.net\/_\/wp-content\/uploads\/2025\/03\/catbeforepyramid-240x300.jpg 240w, https:\/\/safehavenegypt.net\/_\/wp-content\/uploads\/2025\/03\/catbeforepyramid-10x12.jpg 10w\" sizes=\"auto, (max-width: 512px) 100vw, 512px\" \/><figcaption class=\"wp-element-caption\"><em>Nat\u00fcrlich sind nicht alle Katzen in \u00c4gypten in Not<\/em><\/figcaption><\/figure>\n<\/div>\n\n\n<p>Obwohl viele K\u00e4tzchen bei Safe Haven Egypt ankommen, sind sie bei der Adoption fast immer zwischen einem und zwei Jahren alt. Selbst wenn diese K\u00e4tzchen aufgrund gesetzlicher Bestimmungen schnell einen Adoptanten finden w\u00fcrden, sind sie bei der Reise mindestens sieben Monate alt. <\/p>\n\n\n\n<p>Viele Leute wollen die nicht mehr. \u2013 Zu alt.<\/p>\n\n\n\n<p>Diese Leute werden ihre Katze auch nicht von Safe Haven Egypt zur\u00fcckbekommen.<\/p>\n\n\n\n<p>Von der Gruppe der Menschen, die eine erwachsene Katze adoptieren m\u00f6chten, ist ein viel kleinerer Teil der Idee gegen\u00fcber aufgeschlossen, eine ausl\u00e4ndische Katze zu adoptieren.<\/p>\n\n\n\n<p>Dies liegt daran, dass es sich um eine \u201eFernadoption\u201c handelt. \u2013 Sie m\u00fcssen eine Katze adoptieren, die Sie nur im Internet gesehen haben. Sie m\u00fcssen einer Organisation vertrauen, die dem potenziellen Adoptanten unbekannt ist. Irgendwo im Internet und im Ausland.<\/p>\n\n\n\n<p>Das ist viel, was man von einem potenziellen Adoptionskandidaten verlangen kann.<\/p>\n\n\n\n<p>Und obwohl wir versuchen, es so einfach wie m\u00f6glich zu machen, k\u00f6nnen wir nicht mit der Bequemlichkeit konkurrieren, die ein Besuch im \u00f6rtlichen Tierheim bietet, wo die Tiere f\u00fcr eine Vorstellung zur Verf\u00fcgung stehen und meist direkt mit nach Hause genommen werden k\u00f6nnen. <\/p>\n\n\n\n<p>Das k\u00f6nnen wir nicht anbieten. Sie m\u00fcssen wahrscheinlich mehrere Monate warten, bis die Katze bei Ihnen eintrifft. \u2013 Das tr\u00e4gt auch nicht dazu bei, dass unsere Katzen vermittelt werden.<\/p>\n\n\n\n<p>Der Anteil der Menschen, die bereit sind, unsere Katzen zu adoptieren, ist sehr gering.<\/p>\n\n\n\n<p>In den 10 Jahren, in denen Safe Haven Egypt aktiv war, hat SHE weltweit rund 1.000 Katzen vermittelt.<\/p>\n\n\n\n<p>Diese ausl\u00e4ndischen Katzen verdr\u00e4ngen die Katzen in den \u00f6rtlichen Tierheimen nicht. Die Zahl ist einfach viel zu gering.  <\/p>\n\n\n\n<p>Letztendlich kommen diese ausl\u00e4ndischen Katzen, in diesem Fall \u00e4gyptische, aus dem Ausland, weil auch sie eine Chance verdienen, ein gutes und sicheres Zuhause f\u00fcr immer zu finden.<\/p>\n\n\n\n<p>Das hei\u00dft, wenn wir die wenigen Menschen finden, die diesen Tieren eine Chance geben wollen. <\/p>\n\n\n\n<hr class=\"wp-block-separator has-alpha-channel-opacity\"\/>\n\n\n\n<blockquote class=\"wp-block-quote is-layout-flow wp-block-quote-is-layout-flow\">\n<p>Vor zwei Tagen kam eine Nachbarin vom Tierheim und bat uns, ihre Katze aufzunehmen, da sie sie nicht mehr haben will. \u2013 Ich sagte ihr, ok, wir nehmen sie, aber geben Sie uns ein paar Tage Zeit, um einen K\u00e4fig f\u00fcr sie vorzubereiten. \u2013 Sie sagte, ok, kein Problem. \u2013 Gestern Abend fanden wir die Katze in einem sehr schlechten Zustand auf der Stra\u00dfe, von Hunden gebissen. \u2013 Ich wei\u00df nicht, mit welchen Worten ich diese Dame beschreiben soll. Ich war heute bei ihr und habe ihr gesagt, ob wir ihr nicht versprochen h\u00e4tten, die Katze aufzunehmen. Warum hat sie sie auf die Stra\u00dfe geworfen? \u2013 Sie sagte, weil sie sie einfach nicht mehr haben will. \u2013 Der armen Katze geht es sehr schlecht, und wir werden sie zum R\u00f6ntgen schicken.<\/p>\n\n\n\n<p>Kareema Ibraheem, Gr\u00fcnderin von SHE, 15. M\u00e4rz 2025<\/p>\n<\/blockquote>","protected":false},"excerpt":{"rendered":"<p>It is true that in the countries where the SHE-cats find a new home many local cats are also waiting in local shelters. But there are also many animals, such as cats, in need abroad. This website is now specifically about cats from Egypt. But there are similar projects for cats from Spain, Italy, Syria, &hellip; <a href=\"https:\/\/safehavenegypt.net\/_\/de\/why-cats-from-egypt\/\" class=\"more-link\"><span class=\"screen-reader-text\">Warum Katzen aus \u00c4gypten?<\/span> weiterlesen<\/a><\/p>","protected":false},"author":1,"featured_media":0,"parent":0,"menu_order":0,"comment_status":"closed","ping_status":"closed","template":"","meta":{"om_disable_all_campaigns":false,"_monsterinsights_skip_tracking":false,"_monsterinsights_sitenote_active":false,"_monsterinsights_sitenote_note":"","_monsterinsights_sitenote_category":0,"footnotes":""},"class_list":["post-4869","page","type-page","status-publish","hentry"],"aioseo_notices":[],"_links":{"self":[{"href":"https:\/\/safehavenegypt.net\/_\/de\/wp-json\/wp\/v2\/pages\/4869","targetHints":{"allow":["GET"]}}],"collection":[{"href":"https:\/\/safehavenegypt.net\/_\/de\/wp-json\/wp\/v2\/pages"}],"about":[{"href":"https:\/\/safehavenegypt.net\/_\/de\/wp-json\/wp\/v2\/types\/page"}],"author":[{"embeddable":true,"href":"https:\/\/safehavenegypt.net\/_\/de\/wp-json\/wp\/v2\/users\/1"}],"replies":[{"embeddable":true,"href":"https:\/\/safehavenegypt.net\/_\/de\/wp-json\/wp\/v2\/comments?post=4869"}],"version-history":[{"count":14,"href":"https:\/\/safehavenegypt.net\/_\/de\/wp-json\/wp\/v2\/pages\/4869\/revisions"}],"predecessor-version":[{"id":25394,"href":"https:\/\/safehavenegypt.net\/_\/de\/wp-json\/wp\/v2\/pages\/4869\/revisions\/25394"}],"wp:attachment":[{"href":"https:\/\/safehavenegypt.net\/_\/de\/wp-json\/wp\/v2\/media?parent=4869"}],"curies":[{"name":"wp","href":"https:\/\/api.w.org\/{rel}","templated":true}]}}