{"id":37,"date":"2023-12-13T19:32:16","date_gmt":"2023-12-13T19:32:16","guid":{"rendered":"https:\/\/safehavenegypt.net\/_\/?page_id=37"},"modified":"2026-02-15T20:08:13","modified_gmt":"2026-02-15T20:08:13","slug":"wie-lauft-das-adoptionsverfahren-bei-ihr-ab","status":"publish","type":"page","link":"https:\/\/safehavenegypt.net\/_\/de\/how-does-the-adoption-process-work-at-she\/","title":{"rendered":"Wie l\u00e4uft das Adoptionsverfahren bei SHE ab?"},"content":{"rendered":"<div class=\"trp-block-container\"><div class=\"trp-shortcode-switcher__wrapper\"\r\n     style=\"--bg:#ffffff;--bg-hover:#0000000d;--text:#143852;--text-hover:#1d2327;--border:1px solid #1438521a;--border-width:1px;--border-color:#1438521a;--border-radius:5px;--flag-radius:2px;--flag-size:18px;--aspect-ratio:4\/3;--font-size:14px;--transition-duration:0.2s\"\r\n     role=\"group\"\r\n     data-open-mode=\"hover\">\r\n\r\n    \r\n        <!-- ANCHOR (in-flow only; sizing\/borders; inert) -->\r\n        <div class=\"trp-language-switcher trp-ls-dropdown trp-shortcode-switcher trp-shortcode-anchor trp-open-on-hover\"\r\n             aria-hidden=\"true\"\r\n             inert\r\n data-no-translation>\r\n                <div class=\"trp-current-language-item__wrapper\">\r\n        <a class=\"trp-language-item trp-language-item__default trp-language-item__current\" data-no-translation href=\"https:\/\/safehavenegypt.net\/_\/de\/wp-json\/wp\/v2\/pages\/37\" title=\"Deutsch\"><img decoding=\"async\" src=\"https:\/\/safehavenegypt.net\/_\/wp-content\/plugins\/translatepress-multilingual\/assets\/flags\/4x3\/de_DE.svg\" class=\"trp-flag-image\" alt=\"\" role=\"presentation\" loading=\"lazy\" \/><span class=\"trp-language-item-name\">Deutsch<\/span><\/a>                    <svg class=\"trp-shortcode-arrow\" width=\"20\" height=\"20\" viewbox=\"0 0 20 21\" fill=\"none\" aria-hidden=\"true\" focusable=\"false\" xmlns=\"http:\/\/www.w3.org\/2000\/svg\">\r\n                <path d=\"M5 8L10 13L15 8\" stroke=\"var(--text)\" stroke-width=\"2\" stroke-linecap=\"round\" stroke-linejoin=\"round\"\/>\r\n            <\/svg>\r\n            <\/div>\r\n            <\/div>\r\n\r\n        <!-- OVERLAY (positioned; interactive surface) -->\r\n        <div class=\"trp-language-switcher trp-ls-dropdown trp-shortcode-switcher trp-shortcode-overlay trp-open-on-hover\"\r\n             role=\"navigation\"\r\n             aria-label=\"Website-Sprachauswahl\"\r\n             data-no-translation\r\n>\r\n                <div class=\"trp-current-language-item__wrapper\">\r\n        <div class=\"trp-language-item trp-language-item__default trp-language-item__current\" data-no-translation role=\"button\" aria-expanded=\"false\" tabindex=\"0\" aria-label=\"Change language\" aria-controls=\"trp-shortcode-dropdown-69e26748dc622\"><img decoding=\"async\" src=\"https:\/\/safehavenegypt.net\/_\/wp-content\/plugins\/translatepress-multilingual\/assets\/flags\/4x3\/de_DE.svg\" class=\"trp-flag-image\" alt=\"\" role=\"presentation\" loading=\"lazy\" \/><span class=\"trp-language-item-name\">Deutsch<\/span><\/div>                    <svg class=\"trp-shortcode-arrow\" width=\"20\" height=\"20\" viewbox=\"0 0 20 21\" fill=\"none\" aria-hidden=\"true\" focusable=\"false\" xmlns=\"http:\/\/www.w3.org\/2000\/svg\">\r\n                <path d=\"M5 8L10 13L15 8\" stroke=\"var(--text)\" stroke-width=\"2\" stroke-linecap=\"round\" stroke-linejoin=\"round\"\/>\r\n            <\/svg>\r\n            <\/div>\r\n    \r\n            <div class=\"trp-switcher-dropdown-list\"\r\n                 id=\"trp-shortcode-dropdown-69e26748dc622\"\r\n                 role=\"group\"\r\n                 aria-label=\"Verf\u00fcgbare Sprachen\"\r\n                 hidden\r\n inert\r\n>\r\n                                                            <a class=\"trp-language-item\" href=\"https:\/\/safehavenegypt.net\/_\/de\/wp-json\/wp\/v2\/pages\/37\" title=\"Englisch\">\r\n                            <img decoding=\"async\" src=\"https:\/\/safehavenegypt.net\/_\/wp-content\/plugins\/translatepress-multilingual\/assets\/flags\/4x3\/en_GB.svg\" class=\"trp-flag-image\" alt=\"\" role=\"presentation\" loading=\"lazy\" \/>                                                            <span class=\"trp-language-item-name\" data-no-translation>English<\/span>\r\n                                                                                <\/a>\r\n                                            <a class=\"trp-language-item\" href=\"https:\/\/safehavenegypt.net\/_\/de\/wp-json\/wp\/v2\/pages\/37\" title=\"Niederl\u00e4ndisch\">\r\n                            <img decoding=\"async\" src=\"https:\/\/safehavenegypt.net\/_\/wp-content\/plugins\/translatepress-multilingual\/assets\/flags\/4x3\/nl_NL.svg\" class=\"trp-flag-image\" alt=\"\" role=\"presentation\" loading=\"lazy\" \/>                                                            <span class=\"trp-language-item-name\" data-no-translation>Nederlands<\/span>\r\n                                                                                <\/a>\r\n                                            <a class=\"trp-language-item\" href=\"https:\/\/safehavenegypt.net\/_\/de\/wp-json\/wp\/v2\/pages\/37\" title=\"SHE USA\">\r\n                            <img decoding=\"async\" src=\"https:\/\/safehavenegypt.net\/_\/wp-content\/plugins\/translatepress-multilingual\/assets\/flags\/4x3\/en_US.svg\" class=\"trp-flag-image\" alt=\"\" role=\"presentation\" loading=\"lazy\" \/>                                                            <span class=\"trp-language-item-name\" data-no-translation>SHE USA<\/span>\r\n                                                                                <\/a>\r\n                                                <\/div>\r\n        <\/div>\r\n\r\n    <\/div>\r\n<\/div>\n\n<div class=\"wp-block-image is-style-rounded\">\n<figure class=\"alignleft size-full is-resized\"><img loading=\"lazy\" decoding=\"async\" width=\"720\" height=\"480\" src=\"https:\/\/safehavenegypt.net\/_\/wp-content\/uploads\/2023\/12\/ulf_december_2020.jpg\" alt=\"\" class=\"wp-image-42\" style=\"width:190px;height:auto\" srcset=\"https:\/\/safehavenegypt.net\/_\/wp-content\/uploads\/2023\/12\/ulf_december_2020.jpg 720w, https:\/\/safehavenegypt.net\/_\/wp-content\/uploads\/2023\/12\/ulf_december_2020-300x200.jpg 300w\" sizes=\"auto, (max-width: 720px) 100vw, 720px\" \/><figcaption class=\"wp-element-caption\"><em>Eine \"Das ist er!\"-Katze gefunden? <\/em><\/figcaption><\/figure>\n<\/div>\n\n\n<p>Sobald Sie einen f\u00f6rmlichen Adoptionsantrag gestellt haben, beginnt das Adoptionsverfahren. <\/p>\n\n\n\n<p>Wir reservieren die betreffende Katze f\u00fcr Sie. Nachdem wir einige grundlegende Informationen \u00fcber den Kandidaten notiert haben, vereinbaren wir einen Termin f\u00fcr den \"Home Check\".<\/p>\n\n\n\n<p>Dabei handelt es sich um ein Videointerview mit einem Freiwilligen von SGU, der es f\u00fchrt. Normalerweise ist es auf Englisch. Aber lassen Sie sich davon nicht abhalten, wenn das ein Problem w\u00e4re. Wir werden versuchen, eine L\u00f6sung zu finden. <\/p>\n\n\n\n<p>Der \"Home-Check\" soll nicht besonders schwierig sein, aber wir wollen eine Vorstellung davon haben, wo die SGU-Katzen landen werden.<\/p>\n\n\n\n<p>Und pr\u00fcfen Sie zum Beispiel, ob der potenzielle Adoptant tats\u00e4chlich versteht, dass RHE-Katzen Hauskatzen sind (ein gesch\u00fctzter Garten\/eine Terrasse ist auch gut).<\/p>\n\n\n\n<p>Es handelt sich um ein Gespr\u00e4ch \u00fcber die pers\u00f6nliche Lebenssituation, die Erfahrung des Adoptierenden mit Katzen und Tieren, die Eigenschaften des Hauses, das er mit der Katze teilen wird. Welche potenziellen Risiken f\u00fcr die Katze in der Wohnung bestehen und Ratschl\u00e4ge, wie man diese beseitigen kann.<\/p>\n\n\n\n<p>Der Interviewer wird dann einen Bericht \u00fcber das Gespr\u00e4ch verfassen und Ratschl\u00e4ge geben. Dieser Bericht wird an das Verwaltungsteam von SHE weitergeleitet. Sie entscheiden dann \u00fcber die Vergabe der Katze an diesen Adoptanten.<\/p>\n\n\n\n<p>Wenn das gr\u00fcne Licht kommt, kann die Adoption erfolgen.<\/p>\n\n\n\n<p>Der einzige administrative Teil ist <a href=\"https:\/\/safehavenegypt.net\/_\/wp-content\/uploads\/2025\/05\/Adoption-Contract-April-2023-Master-version.pdf\" target=\"_blank\" rel=\"noopener\" title=\"Adoptionsvertrag April 2023 Masterversion\">Unterzeichnung des Adoptionsvertrages<\/a> und sie zur\u00fcckgeben.<\/p>\n\n\n\n\n\n\n\n\n\n<p>Sie m\u00fcssen Adoptionsgeb\u00fchren zahlen. Bei einer normalen Adoption sind das \u20ac250. Darin ist alles enthalten. Auch der Transport aus \u00c4gypten. Und auch ein FIV\/FeLV-Test, der durchgef\u00fchrt wird, wenn Sie ein Kandidat f\u00fcr Ihre Katze sind.<\/p>\n\n\n\n<p>\u20ac100 sind nach erfolgreicher \u00dcberpr\u00fcfung der Wohnung zu zahlen.<\/p>\n\n\n\n<p>Danach gibt es eine 14-t\u00e4gige Bedenkzeit mit voller R\u00fcckerstattung. Der Restbetrag ist vor dem Abflug der Adoptivkatze zu zahlen. Die Adoptionsgeb\u00fchr f\u00fcr eine \"rehoming cat\" wird von Fall zu Fall festgelegt.<\/p>\n\n\n\n<p>Die Adoptionsgeb\u00fchr ist eine Beteiligung an den Kosten. Der Rest kommt von den monatlichen Sponsoren. Diese zahlen in der Regel 25 britische Pfund pro K\u00e4tzchen und 35 britische Pfund pro erwachsene Katze.<\/p>\n\n\n\n<p>Alles, was gesetzlich vorgeschrieben und in der Adoptionsgeb\u00fchr enthalten ist.  Wie der Tollwut-Test und der Mikrochip. <\/p>\n\n\n\n<p>Alle Katzen verf\u00fcgen au\u00dferdem \u00fcber dokumentierte Grundimpfungen und sind kastriert oder sterilisiert. <\/p>\n\n\n\n\n<div class=\"wp-block-image is-style-rounded\">\n<figure class=\"alignleft size-full is-resized\"><img loading=\"lazy\" decoding=\"async\" width=\"720\" height=\"960\" src=\"https:\/\/safehavenegypt.net\/_\/wp-content\/uploads\/2023\/12\/Fiv-Felv-test_SUGAR.jpg\" alt=\"\" class=\"wp-image-40\" style=\"width:197px;height:auto\" srcset=\"https:\/\/safehavenegypt.net\/_\/wp-content\/uploads\/2023\/12\/Fiv-Felv-test_SUGAR.jpg 720w, https:\/\/safehavenegypt.net\/_\/wp-content\/uploads\/2023\/12\/Fiv-Felv-test_SUGAR-225x300.jpg 225w\" sizes=\"auto, (max-width: 720px) 100vw, 720px\" \/><figcaption class=\"wp-element-caption\"><em>FIV\/FeLV-Pr\u00fcfung<\/em><\/figcaption><\/figure>\n<\/div>\n\n\n\n\n\n\n\n\n\n\n<p>Danach muss der internationale Transport organisiert werden. Es gibt Vorschriften \u00fcber das Alter der Katze, Quarant\u00e4nezeiten, Vorschriften f\u00fcr Tollwutimpfungen und Negativtests.  Je nach Zielort der Katze hat dies Einfluss darauf, wann die Katze \u00c4gypten verlassen kann.<\/p>\n\n\n\n<p>Dann hei\u00dft es warten, bis es m\u00f6glich ist, den Transport der Katze an einen Ort zu organisieren, der dem Adoptierenden m\u00f6glichst nahe liegt. <\/p>\n\n\n<div class=\"wp-block-image is-style-rounded\">\n<figure class=\"alignright size-full is-resized\"><img loading=\"lazy\" decoding=\"async\" width=\"792\" height=\"960\" src=\"https:\/\/safehavenegypt.net\/_\/wp-content\/uploads\/2023\/12\/katbox.jpg\" alt=\"\" class=\"wp-image-41\" style=\"width:183px;height:auto\" srcset=\"https:\/\/safehavenegypt.net\/_\/wp-content\/uploads\/2023\/12\/katbox.jpg 792w, https:\/\/safehavenegypt.net\/_\/wp-content\/uploads\/2023\/12\/katbox-248x300.jpg 248w, https:\/\/safehavenegypt.net\/_\/wp-content\/uploads\/2023\/12\/katbox-768x931.jpg 768w\" sizes=\"auto, (max-width: 792px) 100vw, 792px\" \/><figcaption class=\"wp-element-caption\"><em>Standard-Katzenbox<\/em><\/figcaption><\/figure>\n<\/div>\n\n\n<p>Es ist beabsichtigt, die Katze an einem vereinbarten Ort und zu einer vereinbarten Zeit zu \u00fcbernehmen.  <\/p>\n\n\n\n<p>Auf dem europ\u00e4ischen Festland ist dies in der Regel der Flughafen, auf dem die Eltern, die die Katze als Gep\u00e4ck mitnehmen, landen.<\/p>\n\n\n\n\n\n<p>Bei den Katzen f\u00fcr die USA und Kanada handelt es sich um eine Kombination aus Frachtfl\u00fcgen und Kampfltern.<\/p>\n\n\n\n<p>Da in der Regel mehrere Katzen gleichzeitig ankommen, kann es in bestimmten Situationen m\u00f6glich sein, Fahrgemeinschaften und Transporte mit anderen SHE-Adoptivfamilien zu koordinieren. <\/p>\n\n\n<div class=\"wp-block-image is-style-rounded\">\n<figure class=\"alignleft size-full is-resized\"><img loading=\"lazy\" decoding=\"async\" width=\"720\" height=\"960\" src=\"https:\/\/safehavenegypt.net\/_\/wp-content\/uploads\/2023\/12\/katbox_hout.jpg\" alt=\"\" class=\"wp-image-43\" style=\"width:164px;height:auto\" srcset=\"https:\/\/safehavenegypt.net\/_\/wp-content\/uploads\/2023\/12\/katbox_hout.jpg 720w, https:\/\/safehavenegypt.net\/_\/wp-content\/uploads\/2023\/12\/katbox_hout-225x300.jpg 225w\" sizes=\"auto, (max-width: 720px) 100vw, 720px\" \/><figcaption class=\"wp-element-caption\"><em>Katzenkiste f\u00fcr das Vereinigte K\u00f6nigreich<\/em><\/figcaption><\/figure>\n<\/div>\n\n\n<p>Wenn die Abholung Ihrer Katze ein Problem darstellt, informieren Sie uns bitte so schnell wie m\u00f6glich. Wir werden versuchen, eine L\u00f6sung f\u00fcr Sie zu finden. <\/p>\n\n\n\n<p>Wenn Ihre Katze angekommen ist, beachten Sie bitte den Abschnitt \"Integrationsprozess\" im Adoptionsvertrag. Erstellen Sie einen Plan f\u00fcr die Eingew\u00f6hnung der neuen Katze, wenn es noch andere Haustiere gibt.<\/p>\n\n\n\n<p>Wenn Ihre adoptierte Katze wohlbehalten zu Hause ist und sich von ihrem Abenteuer erholt hat, vergessen Sie nicht, den Mikrochip registrieren zu lassen. Wenn Sie den Chip Ihrer Katze nicht registrieren lassen, ist der Chip nutzlos.<\/p>\n\n\n\n<p>Sollte es nach der Ankunft der Katze Probleme geben, wenden Sie sich an einen SGU-Administrator, z. B. denjenigen, der den Home-Check durchgef\u00fchrt hat. Wenn Sie sich nicht mehr um die adoptierte Katze k\u00fcmmern k\u00f6nnen, setzen Sie sich ebenfalls mit Safe Haven Egypt in Verbindung, wie Sie es im Adoptionsvertrag versprochen haben. Safe Haven Egypt wird dann versuchen, eine L\u00f6sung zu finden und die Katze ggf. neu zu adoptieren.<\/p>\n\n\n<div class=\"wp-block-image\">\n<figure class=\"aligncenter size-large is-resized\"><img loading=\"lazy\" decoding=\"async\" width=\"473\" height=\"1024\" src=\"https:\/\/safehavenegypt.net\/_\/wp-content\/uploads\/2023\/12\/departue_lounghe-473x1024.jpg\" alt=\"\" class=\"wp-image-44\" style=\"width:473px;height:auto\" srcset=\"https:\/\/safehavenegypt.net\/_\/wp-content\/uploads\/2023\/12\/departue_lounghe-473x1024.jpg 473w, https:\/\/safehavenegypt.net\/_\/wp-content\/uploads\/2023\/12\/departue_lounghe-139x300.jpg 139w, https:\/\/safehavenegypt.net\/_\/wp-content\/uploads\/2023\/12\/departue_lounghe-768x1662.jpg 768w, https:\/\/safehavenegypt.net\/_\/wp-content\/uploads\/2023\/12\/departue_lounghe-710x1536.jpg 710w, https:\/\/safehavenegypt.net\/_\/wp-content\/uploads\/2023\/12\/departue_lounghe-946x2048.jpg 946w, https:\/\/safehavenegypt.net\/_\/wp-content\/uploads\/2023\/12\/departue_lounghe-scaled.jpg 1183w\" sizes=\"auto, (max-width: 473px) 100vw, 473px\" \/><figcaption class=\"wp-element-caption\"><em>Katzen warten im \"Abflugraum<\/em><\/figcaption><\/figure>\n<\/div>\n\n\n<div class=\"wp-block-buttons is-content-justification-center is-layout-flex wp-container-core-buttons-is-layout-16018d1d wp-block-buttons-is-layout-flex\">\n<div class=\"wp-block-button\"><a class=\"wp-block-button__link has-text-align-center wp-element-button\" href=\"https:\/\/safehavenegypt.net\/_\/de\/katzengesundheit-wir-tun-unser-bestes\/\">siehe auch \u201eDie Gesundheit unserer Katzen\u201c<\/a><\/div>\n<\/div>\n\n\n\n<p><\/p>","protected":false},"excerpt":{"rendered":"<p>Sobald Sie einen formellen Adoptionsantrag gestellt haben, beginnt das Adoptionsverfahren. Wir reservieren die gew\u00fcnschte Katze f\u00fcr Sie. Nachdem wir einige grundlegende Informationen \u00fcber den Kandidaten aufgenommen haben, vereinbaren wir einen Termin f\u00fcr den \u201eHome Check\u201c. Dabei handelt es sich um ein Videointerview mit einem ehrenamtlichen Helfer von SHE, der den \u201eHome Check\u201c durchf\u00fchrt. Normalerweise ist dies \u2026 <a href=\"https:\/\/safehavenegypt.net\/_\/de\/how-does-the-adoption-process-work-at-she\/\" class=\"more-link\"><span class=\"screen-reader-text\">Wie l\u00e4uft das Adoptionsverfahren bei SHE ab?<\/span> weiterlesen<\/a><\/p>","protected":false},"author":1,"featured_media":70,"parent":0,"menu_order":0,"comment_status":"closed","ping_status":"closed","template":"","meta":{"om_disable_all_campaigns":false,"_monsterinsights_skip_tracking":false,"_monsterinsights_sitenote_active":false,"_monsterinsights_sitenote_note":"","_monsterinsights_sitenote_category":0,"footnotes":""},"class_list":["post-37","page","type-page","status-publish","has-post-thumbnail","hentry"],"aioseo_notices":[],"_links":{"self":[{"href":"https:\/\/safehavenegypt.net\/_\/de\/wp-json\/wp\/v2\/pages\/37","targetHints":{"allow":["GET"]}}],"collection":[{"href":"https:\/\/safehavenegypt.net\/_\/de\/wp-json\/wp\/v2\/pages"}],"about":[{"href":"https:\/\/safehavenegypt.net\/_\/de\/wp-json\/wp\/v2\/types\/page"}],"author":[{"embeddable":true,"href":"https:\/\/safehavenegypt.net\/_\/de\/wp-json\/wp\/v2\/users\/1"}],"replies":[{"embeddable":true,"href":"https:\/\/safehavenegypt.net\/_\/de\/wp-json\/wp\/v2\/comments?post=37"}],"version-history":[{"count":35,"href":"https:\/\/safehavenegypt.net\/_\/de\/wp-json\/wp\/v2\/pages\/37\/revisions"}],"predecessor-version":[{"id":25240,"href":"https:\/\/safehavenegypt.net\/_\/de\/wp-json\/wp\/v2\/pages\/37\/revisions\/25240"}],"wp:featuredmedia":[{"embeddable":true,"href":"https:\/\/safehavenegypt.net\/_\/de\/wp-json\/wp\/v2\/media\/70"}],"wp:attachment":[{"href":"https:\/\/safehavenegypt.net\/_\/de\/wp-json\/wp\/v2\/media?parent=37"}],"curies":[{"name":"wp","href":"https:\/\/api.w.org\/{rel}","templated":true}]}}