{"id":17165,"date":"2025-04-19T10:48:52","date_gmt":"2025-04-19T10:48:52","guid":{"rendered":"https:\/\/safehavenegypt.net\/_\/?page_id=17165"},"modified":"2025-05-17T06:23:51","modified_gmt":"2025-05-17T06:23:51","slug":"katzengesundheit-wir-tun-unser-bestes","status":"publish","type":"page","link":"https:\/\/safehavenegypt.net\/_\/de\/cats-health-we-do-the-best-we-can\/","title":{"rendered":"Die Gesundheit unserer Katzen: Wir tun unser Bestes"},"content":{"rendered":"<p><em>Sicherer Zufluchtsort \u00c4gypten<\/em> bietet Katzen zur Adoption an, die von den Stra\u00dfen Kairos gerettet wurden. Das bedeutet auch, dass sie medizinisch und gesundheitlich nicht die besten Startbedingungen haben. Um zu \u00fcberleben, fressen und trinken sie alles, was sie finden k\u00f6nnen. Da d\u00fcrfen sie nicht w\u00e4hlerisch sein.<\/p>\n\n\n\n<p>Manche Katzen sehen bei der Ankunft im Haven v\u00f6llig gesund aus, w\u00e4hrend andere offensichtliche Knochenbr\u00fcche oder Infektionen haben. Einige wenige haben m\u00f6glicherweise versteckte Probleme.<\/p>\n\n\n\n<p>Neuank\u00f6mmlinge im Haven erhalten die volle medizinische Versorgung, die wir anbieten k\u00f6nnen, was im Vergleich zu den \u00f6rtlichen Normen einen hohen Standard darstellt.<\/p>\n\n\n\n<p>Allerdings ist dieses Ma\u00df an Pflege geringer als das, was in den Adoptionsl\u00e4ndern der Katzen normalerweise verf\u00fcgbar ist.<\/p>\n\n\n\n<p>Wenn eine neue Katze im Haven eintrifft, kommt sie zun\u00e4chst in einen Quarant\u00e4nebereich. Dort wird sie untersucht, geimpft, entwurmt und entfloht. Wir teilen sie in mehrere Gruppen auf, die zusammenleben. Obwohl sie immer noch gro\u00df sind, versuchen wir, diese Gruppen so klein wie m\u00f6glich zu halten. Hat eine Katze einen best\u00e4tigten Adoptanten, kommt sie in die \u201eReiselounge\u201c, eine spezielle, kleine Wohngruppe f\u00fcr Katzen mit Adoptanten. Diese Katzengruppe wird sorgf\u00e4ltig auf Anzeichen von Krankheiten beobachtet, die m\u00f6glicherweise zuvor nicht erkannt wurden.<\/p>\n\n\n\n<p>Safe Haven Egypt besch\u00e4ftigt die besten verf\u00fcgbaren Tier\u00e4rzte. Unser Tierarzt in Haven ist sehr kompetent und einf\u00fchlsam. Er erweitert seine Erfahrung und F\u00e4higkeiten kontinuierlich durch die Zusammenarbeit mit Tier\u00e4rzten und durch Selbststudium mithilfe von Videos und Lehrmaterialien. Bei komplexen F\u00e4llen arbeiten wir mit spezialisierten Tier\u00e4rzten zusammen und fragen regelm\u00e4\u00dfig nach neuen Behandlungsm\u00f6glichkeiten.<\/p>\n\n\n\n<p>\u00c4gyptische Tierarztpraxen verf\u00fcgen nicht \u00fcber die Ausr\u00fcstung, die in westlichen L\u00e4ndern weit verbreitet ist. Dasselbe gilt f\u00fcr die verf\u00fcgbaren Tests.<\/p>\n\n\n\n<p>Blutuntersuchungen werden angeordnet, wenn der Tierarzt dies f\u00fcr notwendig h\u00e4lt. R\u00f6ntgenaufnahmen werden bei medizinischer Notwendigkeit durchgef\u00fchrt. Die M\u00f6glichkeiten f\u00fcr Ultraschalluntersuchungen sind begrenzt; wir m\u00fcssen reisen, um diese Art von Untersuchung durchf\u00fchren zu lassen. Gleichzeitig ist es wichtig, dass wir uns der damit verbundenen Kosten bewusst sind.<\/p>\n\n\n\n<p>Wenn Besucher aus westlichen L\u00e4ndern ins Haven kommen, bringen sie in der Regel einen Koffer voller Vorr\u00e4te mit. Viele Artikel k\u00f6nnen wir entweder nicht vor Ort beschaffen oder sind nur zu extrem \u00fcberh\u00f6hten Preisen erh\u00e4ltlich.<\/p>\n\n\n\n<p>Wenn wir bemerken, dass eine Katze ein Problem hat, informieren wir den Adoptierenden umgehend. Vor Ort versuchen wir, das Problem zu behandeln. Wir w\u00fcrden *NIEMALS* wissentlich eine kranke Katze in ein neues Zuhause geben. Bei gesundheitlichen Problemen fliegt die Katze nicht, auch wenn der Adoptierende dies w\u00fcnscht.<\/p>\n\n\n\n<p>Wir tun, was wir k\u00f6nnen, um unsere Katzen so gesund wie m\u00f6glich zu halten.<\/p>\n\n\n\n<h3 class=\"wp-block-heading\">Warum diese Erkl\u00e4rung? <\/h3>\n\n\n\n<p>Weil wir das ganz klar zum Ausdruck bringen wollen. \u2013 Jeder Adoptierende wird gebeten, zu pr\u00fcfen und zu unterschreiben <a href=\"https:\/\/safehavenegypt.net\/_\/wp-content\/uploads\/2023\/12\/SHE-Adoption-Contract.pdf\" title=\"SHE-Adoptionsvertrag.\">der Adoptionsvertrag<\/a> , die eine Klausel enth\u00e4lt, <strong>Seite 2, oberer Abschnitt.<\/strong>  Der Adoptierende ist f\u00fcr alle medizinischen Kosten bei der Ankunft der betroffenen Person im neuen Land verantwortlich.<\/p>\n\n\n\n<ul class=\"wp-block-list\">\n<li><strong>Ihre Katze wird in dem Zustand zu Ihnen nach Hause gebracht, in dem sie ankommt<\/strong><\/li>\n\n\n\n<li><strong>Wenn eine Katze krank ankommt, dann wussten wir nichts davon <\/strong> \u2013 auch wenn Sie meinen, dass jemand das h\u00e4tte tun sollen. <\/li>\n\n\n\n<li><strong>Der Adoptierende ist f\u00fcr die medizinischen Kosten nach der Adoption verantwortlich<\/strong><\/li>\n<\/ul>\n\n\n\n<p>Der Stress ihrer Reise von Kairo ist nicht zu untersch\u00e4tzen. Ein Zustand, der bei der Ausreisegenehmigung der Katze aus \u00c4gypten noch nicht vorlag, kann w\u00e4hrend der Reise auftreten \u2013 und das tut er auch. <\/p>\n\n\n\n<p>Oder als Folge der Einwirkung unterschiedlicher Allergene, unterschiedlicher Reinigungsmittel, unterschiedlicher Nahrungsmittel, unterschiedlicher Einstreu oder unterschiedlicher Wetterbedingungen.  <\/p>\n\n\n\n<p>Bitte denken Sie daran, dass Ihre Katze mit Ihnen auf einem anderen Kontinent lebt.<\/p>\n\n\n\n<p>Es kommt nicht selten vor, dass eine SHE-Katze aufgrund der Reise und des Klimawechsels Verdauungsst\u00f6rungen hat und\/oder niest. <\/p>\n\n\n\n<p>Wir empfehlen Ihrer Katze immer, sich von der Reise zu erholen. Unser Team steht Ihnen in dieser ersten Zeit mit Empfehlungen und Ratschl\u00e4gen zur Seite. <\/p>\n\n\n\n<p>Letztendlich l\u00e4uft es darauf hinaus: Wir tun unser Bestes mit den uns zur Verf\u00fcgung stehenden Ressourcen. Bitte seien Sie sich der Einschr\u00e4nkungen und Herausforderungen bewusst, denen wir gegen\u00fcberstehen.<\/p>","protected":false},"excerpt":{"rendered":"<p>Safe Haven Egypt vermittelt Katzen, die von den Stra\u00dfen Kairos gerettet wurden. Das bedeutet auch, dass sie medizinisch und gesundheitlich nicht die besten Startbedingungen haben. Um zu \u00fcberleben, fressen und trinken sie alles, was sie finden k\u00f6nnen. Da d\u00fcrfen sie nicht w\u00e4hlerisch sein. Wenn sie eintreten \u2026 <a href=\"https:\/\/safehavenegypt.net\/_\/de\/cats-health-we-do-the-best-we-can\/\" class=\"more-link\"><span class=\"screen-reader-text\">Die Gesundheit unserer Katzen: Wir tun unser Bestes<\/span> weiterlesen<\/a><\/p>","protected":false},"author":1,"featured_media":0,"parent":0,"menu_order":0,"comment_status":"closed","ping_status":"closed","template":"","meta":{"om_disable_all_campaigns":false,"_monsterinsights_skip_tracking":false,"_monsterinsights_sitenote_active":false,"_monsterinsights_sitenote_note":"","_monsterinsights_sitenote_category":0,"footnotes":""},"class_list":["post-17165","page","type-page","status-publish","hentry"],"aioseo_notices":[],"_links":{"self":[{"href":"https:\/\/safehavenegypt.net\/_\/de\/wp-json\/wp\/v2\/pages\/17165","targetHints":{"allow":["GET"]}}],"collection":[{"href":"https:\/\/safehavenegypt.net\/_\/de\/wp-json\/wp\/v2\/pages"}],"about":[{"href":"https:\/\/safehavenegypt.net\/_\/de\/wp-json\/wp\/v2\/types\/page"}],"author":[{"embeddable":true,"href":"https:\/\/safehavenegypt.net\/_\/de\/wp-json\/wp\/v2\/users\/1"}],"replies":[{"embeddable":true,"href":"https:\/\/safehavenegypt.net\/_\/de\/wp-json\/wp\/v2\/comments?post=17165"}],"version-history":[{"count":22,"href":"https:\/\/safehavenegypt.net\/_\/de\/wp-json\/wp\/v2\/pages\/17165\/revisions"}],"predecessor-version":[{"id":18489,"href":"https:\/\/safehavenegypt.net\/_\/de\/wp-json\/wp\/v2\/pages\/17165\/revisions\/18489"}],"wp:attachment":[{"href":"https:\/\/safehavenegypt.net\/_\/de\/wp-json\/wp\/v2\/media?parent=17165"}],"curies":[{"name":"wp","href":"https:\/\/api.w.org\/{rel}","templated":true}]}}