{"id":15954,"date":"2025-03-23T20:15:23","date_gmt":"2025-03-23T20:15:23","guid":{"rendered":"https:\/\/safehavenegypt.net\/_\/?page_id=15954"},"modified":"2026-02-01T16:41:04","modified_gmt":"2026-02-01T16:41:04","slug":"amazon-affiliate","status":"publish","type":"page","link":"https:\/\/safehavenegypt.net\/_\/de\/amazon-affiliate\/","title":{"rendered":"Amazon Tochtergesellschaft"},"content":{"rendered":"<div class=\"trp-block-container\"><div class=\"trp-shortcode-switcher__wrapper\"\r\n     style=\"--bg:#ffffff;--bg-hover:#0000000d;--text:#143852;--text-hover:#1d2327;--border:1px solid #1438521a;--border-width:1px;--border-color:#1438521a;--border-radius:5px;--flag-radius:2px;--flag-size:18px;--aspect-ratio:4\/3;--font-size:14px;--transition-duration:0.2s\"\r\n     role=\"group\"\r\n     data-open-mode=\"hover\">\r\n\r\n    \r\n        <!-- ANCHOR (in-flow only; sizing\/borders; inert) -->\r\n        <div class=\"trp-language-switcher trp-ls-dropdown trp-shortcode-switcher trp-shortcode-anchor trp-open-on-hover\"\r\n             aria-hidden=\"true\"\r\n             inert\r\n data-no-translation>\r\n                <div class=\"trp-current-language-item__wrapper\">\r\n        <a class=\"trp-language-item trp-language-item__default trp-language-item__current\" data-no-translation href=\"https:\/\/safehavenegypt.net\/_\/de\/wp-json\/wp\/v2\/pages\/15954\" title=\"Deutsch\"><img decoding=\"async\" src=\"https:\/\/safehavenegypt.net\/_\/wp-content\/plugins\/translatepress-multilingual\/assets\/flags\/4x3\/de_DE.svg\" class=\"trp-flag-image\" alt=\"\" role=\"presentation\" loading=\"lazy\" \/><span class=\"trp-language-item-name\">Deutsch<\/span><\/a>                    <svg class=\"trp-shortcode-arrow\" width=\"20\" height=\"20\" viewbox=\"0 0 20 21\" fill=\"none\" aria-hidden=\"true\" focusable=\"false\" xmlns=\"http:\/\/www.w3.org\/2000\/svg\">\r\n                <path d=\"M5 8L10 13L15 8\" stroke=\"var(--text)\" stroke-width=\"2\" stroke-linecap=\"round\" stroke-linejoin=\"round\"\/>\r\n            <\/svg>\r\n            <\/div>\r\n            <\/div>\r\n\r\n        <!-- OVERLAY (positioned; interactive surface) -->\r\n        <div class=\"trp-language-switcher trp-ls-dropdown trp-shortcode-switcher trp-shortcode-overlay trp-open-on-hover\"\r\n             role=\"navigation\"\r\n             aria-label=\"Website-Sprachauswahl\"\r\n             data-no-translation\r\n>\r\n                <div class=\"trp-current-language-item__wrapper\">\r\n        <div class=\"trp-language-item trp-language-item__default trp-language-item__current\" data-no-translation role=\"button\" aria-expanded=\"false\" tabindex=\"0\" aria-label=\"Change language\" aria-controls=\"trp-shortcode-dropdown-69f61607e164c\"><img decoding=\"async\" src=\"https:\/\/safehavenegypt.net\/_\/wp-content\/plugins\/translatepress-multilingual\/assets\/flags\/4x3\/de_DE.svg\" class=\"trp-flag-image\" alt=\"\" role=\"presentation\" loading=\"lazy\" \/><span class=\"trp-language-item-name\">Deutsch<\/span><\/div>                    <svg class=\"trp-shortcode-arrow\" width=\"20\" height=\"20\" viewbox=\"0 0 20 21\" fill=\"none\" aria-hidden=\"true\" focusable=\"false\" xmlns=\"http:\/\/www.w3.org\/2000\/svg\">\r\n                <path d=\"M5 8L10 13L15 8\" stroke=\"var(--text)\" stroke-width=\"2\" stroke-linecap=\"round\" stroke-linejoin=\"round\"\/>\r\n            <\/svg>\r\n            <\/div>\r\n    \r\n            <div class=\"trp-switcher-dropdown-list\"\r\n                 id=\"trp-shortcode-dropdown-69f61607e164c\"\r\n                 role=\"group\"\r\n                 aria-label=\"Verf\u00fcgbare Sprachen\"\r\n                 hidden\r\n inert\r\n>\r\n                                                            <a class=\"trp-language-item\" href=\"https:\/\/safehavenegypt.net\/_\/de\/wp-json\/wp\/v2\/pages\/15954\" title=\"Englisch\">\r\n                            <img decoding=\"async\" src=\"https:\/\/safehavenegypt.net\/_\/wp-content\/plugins\/translatepress-multilingual\/assets\/flags\/4x3\/en_GB.svg\" class=\"trp-flag-image\" alt=\"\" role=\"presentation\" loading=\"lazy\" \/>                                                            <span class=\"trp-language-item-name\" data-no-translation>English<\/span>\r\n                                                                                <\/a>\r\n                                            <a class=\"trp-language-item\" href=\"https:\/\/safehavenegypt.net\/_\/de\/wp-json\/wp\/v2\/pages\/15954\" title=\"Niederl\u00e4ndisch\">\r\n                            <img decoding=\"async\" src=\"https:\/\/safehavenegypt.net\/_\/wp-content\/plugins\/translatepress-multilingual\/assets\/flags\/4x3\/nl_NL.svg\" class=\"trp-flag-image\" alt=\"\" role=\"presentation\" loading=\"lazy\" \/>                                                            <span class=\"trp-language-item-name\" data-no-translation>Nederlands<\/span>\r\n                                                                                <\/a>\r\n                                            <a class=\"trp-language-item\" href=\"https:\/\/safehavenegypt.net\/_\/de\/wp-json\/wp\/v2\/pages\/15954\" title=\"SHE USA\">\r\n                            <img decoding=\"async\" src=\"https:\/\/safehavenegypt.net\/_\/wp-content\/plugins\/translatepress-multilingual\/assets\/flags\/4x3\/en_US.svg\" class=\"trp-flag-image\" alt=\"\" role=\"presentation\" loading=\"lazy\" \/>                                                            <span class=\"trp-language-item-name\" data-no-translation>SHE USA<\/span>\r\n                                                                                <\/a>\r\n                                                <\/div>\r\n        <\/div>\r\n\r\n    <\/div>\r\n<\/div>\n\n\n<p>\u00dcber die Links auf dieser Seite k\u00f6nnen Sie dieses Projekt ganz einfach unterst\u00fctzen, indem Sie Ihre Eink\u00e4ufe auf einer der teilnehmenden Amazon-Webseiten t\u00e4tigen.<\/p>\n\n\n\n<h4 class=\"wp-block-heading\">Wie man das verwendet<\/h4>\n\n\n\n<ul class=\"wp-block-list\">\n<li>1) Klicken Sie auf das Symbol des Landes, in dem sich der gew\u00fcnschte Amazon-Shop befindet, und Sie werden auf die entsprechende Amazon-Website weitergeleitet. <strong>Bitte beachten Sie: Sie werden nichts sehen, was mit SGU zu tun hat. Das ist korrekt<\/strong><\/li>\n\n\n\n<li>2) Kaufen Sie, was Sie wollen. Es muss nicht unbedingt Katzenkram sein.<\/li>\n\n\n\n<li>3) Das war's. - SIE bekommt eine % ohne zus\u00e4tzliche Kosten f\u00fcr Sie auf den Preis bezahlt<\/li>\n<\/ul>\n\n\n\n<div class=\"wp-block-group is-layout-grid wp-container-core-group-is-layout-9649a0d9 wp-block-group-is-layout-grid\">\n<figure class=\"wp-block-image size-full\"><a href=\"https:\/\/amzn.to\/3Hh5dlE\" target=\"_blank\" rel=\" noreferrer noopener\"><img data-dominant-color=\"b27b36\" data-has-transparency=\"true\" style=\"--dominant-color: #b27b36;\" loading=\"lazy\" decoding=\"async\" width=\"50\" height=\"50\" src=\"https:\/\/safehavenegypt.net\/_\/wp-content\/uploads\/2025\/03\/Flag_orb_Belgium.png\" alt=\"\" class=\"wp-image-15959 has-transparency\" srcset=\"https:\/\/safehavenegypt.net\/_\/wp-content\/uploads\/2025\/03\/Flag_orb_Belgium.png 50w, https:\/\/safehavenegypt.net\/_\/wp-content\/uploads\/2025\/03\/Flag_orb_Belgium-12x12.png 12w\" sizes=\"auto, (max-width: 50px) 100vw, 50px\" \/><\/a><figcaption class=\"wp-element-caption\"><strong><a href=\"https:\/\/amzn.to\/3Hh5dlE\" target=\"_blank\" rel=\"noopener\" title=\"\">Belgi\u00eb - Belgien<\/a><\/strong><\/figcaption><\/figure>\n\n\n\n<figure class=\"wp-block-image size-full\"><a href=\"https:\/\/amzn.to\/3RD681D\" target=\"_blank\" rel=\" noreferrer noopener\"><img data-dominant-color=\"dfa5a0\" data-has-transparency=\"true\" style=\"--dominant-color: #dfa5a0;\" loading=\"lazy\" decoding=\"async\" width=\"50\" height=\"50\" src=\"https:\/\/safehavenegypt.net\/_\/wp-content\/uploads\/2025\/04\/Flag_orb_Canada.png\" alt=\"\" class=\"wp-image-16935 has-transparency\" srcset=\"https:\/\/safehavenegypt.net\/_\/wp-content\/uploads\/2025\/04\/Flag_orb_Canada.png 50w, https:\/\/safehavenegypt.net\/_\/wp-content\/uploads\/2025\/04\/Flag_orb_Canada-12x12.png 12w\" sizes=\"auto, (max-width: 50px) 100vw, 50px\" \/><\/a><figcaption class=\"wp-element-caption\"><strong><a href=\"https:\/\/amzn.to\/3RD681D\" target=\"_blank\" rel=\"noopener\" title=\"\">Kanada<\/a><\/strong><\/figcaption><\/figure>\n\n\n\n<figure class=\"wp-block-image size-full\"><a href=\"https:\/\/amzn.to\/40MBLuJ\" target=\"_blank\" rel=\" noreferrer noopener\"><img data-dominant-color=\"cd5c2c\" data-has-transparency=\"true\" style=\"--dominant-color: #cd5c2c;\" loading=\"lazy\" decoding=\"async\" width=\"50\" height=\"50\" src=\"https:\/\/safehavenegypt.net\/_\/wp-content\/uploads\/2025\/03\/Flag_orb_Germany.png\" alt=\"\" class=\"wp-image-15961 has-transparency\" srcset=\"https:\/\/safehavenegypt.net\/_\/wp-content\/uploads\/2025\/03\/Flag_orb_Germany.png 50w, https:\/\/safehavenegypt.net\/_\/wp-content\/uploads\/2025\/03\/Flag_orb_Germany-12x12.png 12w\" sizes=\"auto, (max-width: 50px) 100vw, 50px\" \/><\/a><figcaption class=\"wp-element-caption\"><strong><a href=\"https:\/\/amzn.to\/40MBLuJ\" target=\"_blank\" rel=\"noreferrer noopener\">Deutschland<\/a><\/strong><\/figcaption><\/figure>\n\n\n\n<figure class=\"wp-block-image size-full\"><a href=\"https:\/\/amzn.to\/4h927gf\" target=\"_blank\" rel=\" noreferrer noopener\"><img data-dominant-color=\"afa3ba\" data-has-transparency=\"true\" style=\"--dominant-color: #afa3ba;\" loading=\"lazy\" decoding=\"async\" width=\"50\" height=\"50\" src=\"https:\/\/safehavenegypt.net\/_\/wp-content\/uploads\/2025\/03\/Flag_orb_Netherlands.png\" alt=\"\" class=\"wp-image-15966 has-transparency\" srcset=\"https:\/\/safehavenegypt.net\/_\/wp-content\/uploads\/2025\/03\/Flag_orb_Netherlands.png 50w, https:\/\/safehavenegypt.net\/_\/wp-content\/uploads\/2025\/03\/Flag_orb_Netherlands-12x12.png 12w\" sizes=\"auto, (max-width: 50px) 100vw, 50px\" \/><\/a><figcaption class=\"wp-element-caption\"><strong><a href=\"https:\/\/amzn.to\/4h927gf\" target=\"_blank\" rel=\"noreferrer noopener\">Nederland<\/a><\/strong><\/figcaption><\/figure>\n\n\n\n<figure class=\"wp-block-image size-full\"><a href=\"https:\/\/amzn.to\/4jv53pa\" target=\"_blank\" rel=\" noreferrer noopener\"><img data-dominant-color=\"b27188\" data-has-transparency=\"true\" style=\"--dominant-color: #b27188;\" loading=\"lazy\" decoding=\"async\" width=\"50\" height=\"50\" src=\"https:\/\/safehavenegypt.net\/_\/wp-content\/uploads\/2025\/03\/Flag_orb_United_Kingdom.png\" alt=\"\" class=\"wp-image-15964 has-transparency\" srcset=\"https:\/\/safehavenegypt.net\/_\/wp-content\/uploads\/2025\/03\/Flag_orb_United_Kingdom.png 50w, https:\/\/safehavenegypt.net\/_\/wp-content\/uploads\/2025\/03\/Flag_orb_United_Kingdom-12x12.png 12w\" sizes=\"auto, (max-width: 50px) 100vw, 50px\" \/><\/a><figcaption class=\"wp-element-caption\"><strong><a href=\"https:\/\/amzn.to\/4jv53pa\" target=\"_blank\" rel=\"noreferrer noopener\">Vereinigtes K\u00f6nigreich<\/a><\/strong><\/figcaption><\/figure>\n<\/div>\n\n\n\n<p><strong>Verwenden Sie die Erweiterung Honey nicht f\u00fcr Gutscheincodes.<\/strong> Sie wird die Provision stehlen.<\/p>\n\n\n\n<p><em><em>Fehlt Ihr Lieblings-Amazon-Shop? <a href=\"https:\/\/safehavenegypt.net\/_\/de\/kontakt\/\" data-type=\"page\" data-id=\"71\">Informieren Sie uns<\/a>.<\/em><\/em><\/p>\n\n\n\n<p>Sie k\u00f6nnen dieses Projekt auch unterst\u00fctzen, indem Sie die unten aufgef\u00fchrten Amazon-Dienste kostenlos ausprobieren.<\/p>\n\n\n\n<h2 class=\"wp-block-heading\">Amazon Prime<\/h2>\n\n\n\n<p>Mit Amazon Prime erhalten Sie f\u00fcr die meisten Bestellungen einen kostenlosen und oft auch schnelleren Versand.<\/p>\n\n\n\n<p>F\u00fcr diejenigen, die regelm\u00e4\u00dfig bei Amazon einkaufen, ist der Abschluss eines Prime-Abonnements von Vorteil.<\/p>\n\n\n<p><!-- START No TranslatePress Translation --><\/p>\n<p data-no-translation>\n<ul class=\"wp-block-list\">\n\n\n<li><a href=\"http:\/\/www.amazon.de\/primegratistesten?tag=vriendenvan0e-21\" target=\"_blank\" rel=\"noreferrer noopener\">Amazon DE &#8211; Testen Sie Amazon Prime 30 Tage lang kostenlos<\/a><\/li>\n\n\n\n<li><\/li>\n\n\n\n<li><\/li>\n\n\n\n<li><\/li>\n\n\n\n<li><a href=\"https:\/\/www.amazon.nl\/probeerprime?tag=vriendenvan0c-21\" target=\"_blank\" rel=\"noreferrer noopener\">Amazon NL &#8211; Probeer Prime gratis voor 30 dagen<\/a><\/li>\n\n\n\n<li><a href=\"https:\/\/www.amazon.co.uk\/tryprimefree?tag=vriendenvan0b-21\" target=\"_blank\" rel=\"noreferrer noopener\">Amazon UK &#8211; Try Amazon Prime free for 30 days.<\/a><br><\/li>\n\n\n\n<li><br><\/li>\n\n\n\n<p><\/p>","protected":false},"excerpt":{"rendered":"<p>By using the links on this page it is very easy to support this project by making your purchases at one of the participating Amazon websites. How to use this Do not use the Honey extension for coupon codes. It will steal the commission. Is your favorite Amazon store missing? Let us know. You can &hellip; <a href=\"https:\/\/safehavenegypt.net\/_\/de\/amazon-affiliate\/\" class=\"more-link\"><span class=\"screen-reader-text\">Amazon Tochtergesellschaft<\/span> weiterlesen<\/a><\/p>","protected":false},"author":1,"featured_media":0,"parent":0,"menu_order":0,"comment_status":"closed","ping_status":"closed","template":"","meta":{"om_disable_all_campaigns":false,"_monsterinsights_skip_tracking":false,"_monsterinsights_sitenote_active":false,"_monsterinsights_sitenote_note":"","_monsterinsights_sitenote_category":0,"footnotes":""},"class_list":["post-15954","page","type-page","status-publish","hentry"],"aioseo_notices":[],"_links":{"self":[{"href":"https:\/\/safehavenegypt.net\/_\/de\/wp-json\/wp\/v2\/pages\/15954","targetHints":{"allow":["GET"]}}],"collection":[{"href":"https:\/\/safehavenegypt.net\/_\/de\/wp-json\/wp\/v2\/pages"}],"about":[{"href":"https:\/\/safehavenegypt.net\/_\/de\/wp-json\/wp\/v2\/types\/page"}],"author":[{"embeddable":true,"href":"https:\/\/safehavenegypt.net\/_\/de\/wp-json\/wp\/v2\/users\/1"}],"replies":[{"embeddable":true,"href":"https:\/\/safehavenegypt.net\/_\/de\/wp-json\/wp\/v2\/comments?post=15954"}],"version-history":[{"count":21,"href":"https:\/\/safehavenegypt.net\/_\/de\/wp-json\/wp\/v2\/pages\/15954\/revisions"}],"predecessor-version":[{"id":25136,"href":"https:\/\/safehavenegypt.net\/_\/de\/wp-json\/wp\/v2\/pages\/15954\/revisions\/25136"}],"wp:attachment":[{"href":"https:\/\/safehavenegypt.net\/_\/de\/wp-json\/wp\/v2\/media?parent=15954"}],"curies":[{"name":"wp","href":"https:\/\/api.w.org\/{rel}","templated":true}]}}