{"id":15942,"date":"2025-03-23T19:54:39","date_gmt":"2025-03-23T19:54:39","guid":{"rendered":"https:\/\/safehavenegypt.net\/_\/?page_id=15942"},"modified":"2025-07-30T20:36:03","modified_gmt":"2025-07-30T20:36:03","slug":"spenden","status":"publish","type":"page","link":"https:\/\/safehavenegypt.net\/_\/de\/donate\/","title":{"rendered":"Spenden Sie"},"content":{"rendered":"<div class=\"trp-block-container\"><div class=\"trp-shortcode-switcher__wrapper\"\r\n     style=\"--bg:#ffffff;--bg-hover:#0000000d;--text:#143852;--text-hover:#1d2327;--border:1px solid #1438521a;--border-width:1px;--border-color:#1438521a;--border-radius:5px;--flag-radius:2px;--flag-size:18px;--aspect-ratio:4\/3;--font-size:14px;--transition-duration:0.2s\"\r\n     role=\"group\"\r\n     data-open-mode=\"hover\">\r\n\r\n    \r\n        <!-- ANCHOR (in-flow only; sizing\/borders; inert) -->\r\n        <div class=\"trp-language-switcher trp-ls-dropdown trp-shortcode-switcher trp-shortcode-anchor trp-open-on-hover\"\r\n             aria-hidden=\"true\"\r\n             inert\r\n data-no-translation>\r\n                <div class=\"trp-current-language-item__wrapper\">\r\n        <a class=\"trp-language-item trp-language-item__default trp-language-item__current\" data-no-translation href=\"https:\/\/safehavenegypt.net\/_\/de\/wp-json\/wp\/v2\/pages\/15942\" title=\"Deutsch\"><img decoding=\"async\" src=\"https:\/\/safehavenegypt.net\/_\/wp-content\/plugins\/translatepress-multilingual\/assets\/flags\/4x3\/de_DE.svg\" class=\"trp-flag-image\" alt=\"\" role=\"presentation\" loading=\"lazy\" \/><span class=\"trp-language-item-name\">Deutsch<\/span><\/a>                    <svg class=\"trp-shortcode-arrow\" width=\"20\" height=\"20\" viewbox=\"0 0 20 21\" fill=\"none\" aria-hidden=\"true\" focusable=\"false\" xmlns=\"http:\/\/www.w3.org\/2000\/svg\">\r\n                <path d=\"M5 8L10 13L15 8\" stroke=\"var(--text)\" stroke-width=\"2\" stroke-linecap=\"round\" stroke-linejoin=\"round\"\/>\r\n            <\/svg>\r\n            <\/div>\r\n            <\/div>\r\n\r\n        <!-- OVERLAY (positioned; interactive surface) -->\r\n        <div class=\"trp-language-switcher trp-ls-dropdown trp-shortcode-switcher trp-shortcode-overlay trp-open-on-hover\"\r\n             role=\"navigation\"\r\n             aria-label=\"Website-Sprachauswahl\"\r\n             data-no-translation\r\n>\r\n                <div class=\"trp-current-language-item__wrapper\">\r\n        <div class=\"trp-language-item trp-language-item__default trp-language-item__current\" data-no-translation role=\"button\" aria-expanded=\"false\" tabindex=\"0\" aria-label=\"Change language\" aria-controls=\"trp-shortcode-dropdown-6a080e2ebad3e\"><img decoding=\"async\" src=\"https:\/\/safehavenegypt.net\/_\/wp-content\/plugins\/translatepress-multilingual\/assets\/flags\/4x3\/de_DE.svg\" class=\"trp-flag-image\" alt=\"\" role=\"presentation\" loading=\"lazy\" \/><span class=\"trp-language-item-name\">Deutsch<\/span><\/div>                    <svg class=\"trp-shortcode-arrow\" width=\"20\" height=\"20\" viewbox=\"0 0 20 21\" fill=\"none\" aria-hidden=\"true\" focusable=\"false\" xmlns=\"http:\/\/www.w3.org\/2000\/svg\">\r\n                <path d=\"M5 8L10 13L15 8\" stroke=\"var(--text)\" stroke-width=\"2\" stroke-linecap=\"round\" stroke-linejoin=\"round\"\/>\r\n            <\/svg>\r\n            <\/div>\r\n    \r\n            <div class=\"trp-switcher-dropdown-list\"\r\n                 id=\"trp-shortcode-dropdown-6a080e2ebad3e\"\r\n                 role=\"group\"\r\n                 aria-label=\"Verf\u00fcgbare Sprachen\"\r\n                 hidden\r\n inert\r\n>\r\n                                                            <a class=\"trp-language-item\" href=\"https:\/\/safehavenegypt.net\/_\/de\/wp-json\/wp\/v2\/pages\/15942\" title=\"Englisch\">\r\n                            <img decoding=\"async\" src=\"https:\/\/safehavenegypt.net\/_\/wp-content\/plugins\/translatepress-multilingual\/assets\/flags\/4x3\/en_GB.svg\" class=\"trp-flag-image\" alt=\"\" role=\"presentation\" loading=\"lazy\" \/>                                                            <span class=\"trp-language-item-name\" data-no-translation>English<\/span>\r\n                                                                                <\/a>\r\n                                            <a class=\"trp-language-item\" href=\"https:\/\/safehavenegypt.net\/_\/de\/wp-json\/wp\/v2\/pages\/15942\" title=\"Niederl\u00e4ndisch\">\r\n                            <img decoding=\"async\" src=\"https:\/\/safehavenegypt.net\/_\/wp-content\/plugins\/translatepress-multilingual\/assets\/flags\/4x3\/nl_NL.svg\" class=\"trp-flag-image\" alt=\"\" role=\"presentation\" loading=\"lazy\" \/>                                                            <span class=\"trp-language-item-name\" data-no-translation>Nederlands<\/span>\r\n                                                                                <\/a>\r\n                                            <a class=\"trp-language-item\" href=\"https:\/\/safehavenegypt.net\/_\/de\/wp-json\/wp\/v2\/pages\/15942\" title=\"SHE USA\">\r\n                            <img decoding=\"async\" src=\"https:\/\/safehavenegypt.net\/_\/wp-content\/plugins\/translatepress-multilingual\/assets\/flags\/4x3\/en_US.svg\" class=\"trp-flag-image\" alt=\"\" role=\"presentation\" loading=\"lazy\" \/>                                                            <span class=\"trp-language-item-name\" data-no-translation>SHE USA<\/span>\r\n                                                                                <\/a>\r\n                                                <\/div>\r\n        <\/div>\r\n\r\n    <\/div>\r\n<\/div>\n\n\n<p>Nur dank Ihrer Spenden ist es m\u00f6glich, den rund 300 Katzen im Tierheim die n\u00f6tige Pflege zukommen zu lassen.<\/p>\n\n\n\n<h1 class=\"wp-block-heading\">Wie kann man spenden?<\/h1>\n\n\n\n\n\n\n\n\n\n\n\n\n\n\n\n<ul class=\"wp-block-list\">\n\n<\/ul>\n\n\n\n\n\n<h2 class=\"wp-block-heading\"><strong>Online mit Kreditkarte, Debitkarte, iDeal, Apple Pay, Google Pay, Venmo, usw.<\/strong><\/h2>\n\n\n\n<iframe id='kofiframe' src='https:\/\/ko-fi.com\/friendsofshe\/?hidefeed=true&#038;widget=true&#038;embed=true&#038;preview=true' style='border:none;width:100%;padding:4px;background:#f9f9f9;' height='712' title='Freundevonihr'><\/iframe>\n\n\n<div class=\"wp-block-image\">\n<figure class=\"aligncenter size-full is-resized\"><a href=\"https:\/\/ko-fi.com\/friendsofshe\"><img data-dominant-color=\"d3cec7\" data-has-transparency=\"true\" loading=\"lazy\" decoding=\"async\" width=\"980\" height=\"198\" src=\"https:\/\/safehavenegypt.net\/_\/wp-content\/uploads\/2025\/03\/support_me_on_kofi_beige.webp\" alt=\"\" class=\"wp-image-15946 has-transparency\" style=\"--dominant-color: #d3cec7; width:202px;height:auto\" srcset=\"https:\/\/safehavenegypt.net\/_\/wp-content\/uploads\/2025\/03\/support_me_on_kofi_beige.webp 980w, https:\/\/safehavenegypt.net\/_\/wp-content\/uploads\/2025\/03\/support_me_on_kofi_beige-300x61.webp 300w, https:\/\/safehavenegypt.net\/_\/wp-content\/uploads\/2025\/03\/support_me_on_kofi_beige-768x155.webp 768w, https:\/\/safehavenegypt.net\/_\/wp-content\/uploads\/2025\/03\/support_me_on_kofi_beige-18x4.webp 18w\" sizes=\"auto, (max-width: 980px) 100vw, 980px\" \/><\/a><\/figure>\n<\/div>\n\n\n<p>30 \u20ac \/ 25 \u00a3 \/ $31 ist f\u00fcr die Patenschaft eines K\u00e4tzchens<br>42 \u20ac \/ 35 \u00a3 \/ $43,50 ist f\u00fcr die Patenschaft eines Erwachsenen<\/p>\n\n\n\n<p><em>Kontoinhaber des Ko-Fi-Kontos ist \u201eFriends of Safe Haven Egypt\u201c<\/em><\/p>\n\n\n\n<p><\/p>\n\n\n\n\n\n\n\n\n\n\n\n<h2 class=\"wp-block-heading\"><strong>Bank\u00fcberweisung in Euro<\/strong><\/h2>\n\n\n\n<ul class=\"wp-block-list\">\n<li>Kontoinhaber: <strong>Friends of Safe Haven Egypt<\/strong><\/li>\n\n\n\n<li>IBAN: <strong>BE11 8940 0101 8948<\/strong><\/li>\n\n\n\n<li>BIC: <strong>VDSPBE91<\/strong><\/li>\n<\/ul>\n\n\n\n<h2 class=\"wp-block-heading\"><strong>PayPal<\/strong><\/h2>\n\n\n\n<ul class=\"wp-block-list\">\n<li><a href=\"http:\/\/paypal.me\/safehavenegypt\">safehavenegypt@yahoo.com<\/a> (<a href=\"http:\/\/paypal.me\/safehavenegypt\" title=\"\">Klicken Sie hier, um zu spenden<\/a>) Notiz: <strong>Verwenden Sie die Option \u201eFreunde und Familie\u201c<\/strong><\/li>\n\n\n\n<li>Der mit dem Konto verkn\u00fcpfte Name lautet <strong>Michelle Hawkins<\/strong>. <\/li>\n\n\n\n<li>Die Fonds werden von Safe Haven Egypt (SHE) UK verwaltet.<\/li>\n<\/ul>\n\n\n\n<ul class=\"wp-block-list\">\n<li>sheegusa@outlook.com<\/li>\n\n\n\n<li>Kontoinhaber: \u201eSafe Haven Egypt USA Rescue\u201c<\/li>\n<\/ul>\n\n\n\n<h1 class=\"wp-block-heading\">Durch Eink\u00e4ufe bei Amazon spenden ohne mehr zu bezahlen<\/h1>\n\n\n\n<p>Sie k\u00f6nnen SHE durch ein Partnerprogramm unterst\u00fctzen, indem Sie \u00fcber unseren Link auf der Website bei Amazon einkaufen. Dieses Programm wird von den meisten europ\u00e4ischen Amazon-Webshops unterst\u00fctzt. <\/p>\n\n\n\n\n\n<div class=\"wp-block-buttons is-content-justification-center is-layout-flex wp-container-core-buttons-is-layout-16018d1d wp-block-buttons-is-layout-flex\">\n<div class=\"wp-block-button\"><a class=\"wp-block-button__link wp-element-button\" href=\"https:\/\/safehavenegypt.net\/_\/de\/amazon-affiliate\/\">Bei Amazon einkaufen<\/a><\/div>\n\n\n<\/div>\n\n\n\n<hr class=\"wp-block-separator has-alpha-channel-opacity\"\/>\n\n\n\n<h1 class=\"wp-block-heading\">Mitglied der SHE-Community werden und zweckgebunden spenden<\/h1>\n\n\n\n<p class=\"translation-block\">Jeder, der einen tieferen Einblick in die Rettung, Unterbringung und Versorgung der Katzen haben m\u00f6chte, kann Mitglied der privaten <a href=\"https:\/\/www.facebook.com\/groups\/1635578349992119\" target=\"_self\">Safe Haven Egypt Facebook-Seite<\/a>   werden.<\/p>\n\n\n\n<p>Es gibt regelm\u00e4\u00dfig Aufrufe, eine Patenschaft f\u00fcr eine Katze zu \u00fcbernehmen, vor allem gegen Ende des Monats. Manchmal gibt es auch Spendenaufrufe f\u00fcr ben\u00f6tigte Materialien.  Wenn Sie einem Spendenaufruf nachkommen m\u00f6chten, k\u00f6nnen Sie unter dem Post kommentieren. Ein Admin wird so zeitnah wie m\u00f6glich darauf reagieren.<\/p>\n\n\n\n<p>Der Richtwert f\u00fcr eine einmonatige Patenschaft f\u00fcr eine erwachsene Katze betr\u00e4gt \u00a335 (\u20ac41, $44) und f\u00fcr ein Kitten \u00a325 (\u20ac30, $31,50).<\/p>\n\n\n\n<h2 class=\"wp-block-heading\">Eindr\u00fccke zur Verwendung von Spendengeldern<\/h2>\n\n\n<div class=\"wp-block-image\">\n<figure class=\"aligncenter size-full\"><img data-dominant-color=\"665140\" data-has-transparency=\"false\" style=\"--dominant-color: #665140;\" loading=\"lazy\" decoding=\"async\" width=\"1024\" height=\"683\" src=\"https:\/\/safehavenegypt.net\/_\/wp-content\/uploads\/2025\/03\/she_food_vegetables-1024x683-1.jpg\" alt=\"\" class=\"wp-image-15950 not-transparent\" srcset=\"https:\/\/safehavenegypt.net\/_\/wp-content\/uploads\/2025\/03\/she_food_vegetables-1024x683-1.jpg 1024w, https:\/\/safehavenegypt.net\/_\/wp-content\/uploads\/2025\/03\/she_food_vegetables-1024x683-1-300x200.jpg 300w, https:\/\/safehavenegypt.net\/_\/wp-content\/uploads\/2025\/03\/she_food_vegetables-1024x683-1-768x512.jpg 768w, https:\/\/safehavenegypt.net\/_\/wp-content\/uploads\/2025\/03\/she_food_vegetables-1024x683-1-18x12.jpg 18w\" sizes=\"auto, (max-width: 1024px) 100vw, 1024px\" \/><\/figure>\n<\/div>","protected":false},"excerpt":{"rendered":"<p>Nur dank Ihrer Spenden k\u00f6nnen wir den rund 300 Katzen im Tierheim die n\u00f6tige Pflege zukommen lassen. Wie k\u00f6nnen Sie helfen? Spenden Sie online per Kreditkarte, Debitkarte, iDeal, Apple Pay, Google Pay, Venmo usw. 30 \u20ac \/ 25 \u00a3 \/ $31 entsprechen einer Katzenpatenschaft. 42 \u20ac \/ 35 \u00a3 \/ $43,50 entsprechen \u2026 <a href=\"https:\/\/safehavenegypt.net\/_\/de\/donate\/\" class=\"more-link\"><span class=\"screen-reader-text\">Spenden Sie<\/span> weiterlesen<\/a><\/p>","protected":false},"author":1,"featured_media":15948,"parent":0,"menu_order":0,"comment_status":"closed","ping_status":"closed","template":"","meta":{"om_disable_all_campaigns":false,"_monsterinsights_skip_tracking":false,"_monsterinsights_sitenote_active":false,"_monsterinsights_sitenote_note":"","_monsterinsights_sitenote_category":0,"footnotes":""},"class_list":["post-15942","page","type-page","status-publish","has-post-thumbnail","hentry"],"aioseo_notices":[],"_links":{"self":[{"href":"https:\/\/safehavenegypt.net\/_\/de\/wp-json\/wp\/v2\/pages\/15942","targetHints":{"allow":["GET"]}}],"collection":[{"href":"https:\/\/safehavenegypt.net\/_\/de\/wp-json\/wp\/v2\/pages"}],"about":[{"href":"https:\/\/safehavenegypt.net\/_\/de\/wp-json\/wp\/v2\/types\/page"}],"author":[{"embeddable":true,"href":"https:\/\/safehavenegypt.net\/_\/de\/wp-json\/wp\/v2\/users\/1"}],"replies":[{"embeddable":true,"href":"https:\/\/safehavenegypt.net\/_\/de\/wp-json\/wp\/v2\/comments?post=15942"}],"version-history":[{"count":46,"href":"https:\/\/safehavenegypt.net\/_\/de\/wp-json\/wp\/v2\/pages\/15942\/revisions"}],"predecessor-version":[{"id":21899,"href":"https:\/\/safehavenegypt.net\/_\/de\/wp-json\/wp\/v2\/pages\/15942\/revisions\/21899"}],"wp:featuredmedia":[{"embeddable":true,"href":"https:\/\/safehavenegypt.net\/_\/de\/wp-json\/wp\/v2\/media\/15948"}],"wp:attachment":[{"href":"https:\/\/safehavenegypt.net\/_\/de\/wp-json\/wp\/v2\/media?parent=15942"}],"curies":[{"name":"wp","href":"https:\/\/api.w.org\/{rel}","templated":true}]}}